{"id":2061,"date":"2022-12-04T06:59:04","date_gmt":"2022-12-04T06:59:04","guid":{"rendered":"https:\/\/riasyobchod.sk\/?post_type=product&#038;p=2061"},"modified":"2024-02-21T12:32:43","modified_gmt":"2024-02-21T12:32:43","slug":"4-ks-komplex-rias-imunex","status":"publish","type":"product","link":"https:\/\/riasyobchod.sk\/sk\/produkt\/4-ks-komplex-rias-imunex\/","title":{"rendered":"4 ks Komplex rias IMUNEX"},"content":{"rendered":"<p><strong><span class=\"jCAhz ChMk0b\"><span class=\"ryNqvb\">Informat\u00edvne inform\u00e1cie pre u\u017e\u00edvate\u013ea<\/span><\/span><\/strong><\/p>\n<p><span class=\"jCAhz ChMk0b\"><span class=\"ryNqvb\">4 kusy komplex rias IMUNEX &#8211; doplnok stravy<\/span><\/span><\/p>\n<p><span class=\"jCAhz ChMk0b\"><span class=\"ryNqvb\">\u010cO OBSAHUJE DOPLNOK STRAVY IMUNEX?<\/span><\/span><\/p>\n<p><span class=\"jCAhz ChMk0b\"><span class=\"ryNqvb\">Kapsula Imunex je pr\u00edpravok s obsahom 5 druhov mikrorias.<\/span><\/span> <span class=\"jCAhz ChMk0b\"><span class=\"ryNqvb\">Zlo\u017eenie kapsuly Imunex:<\/span><\/span><\/p>\n<p>&nbsp;<\/p>\n<table border=\"1\" width=\"98%\" cellspacing=\"4\" cellpadding=\"4\">\n<tbody>\n<tr>\n<td width=\"233\">Komponenty \/ Zlo\u017eenie<\/td>\n<td width=\"123\">1 kapszula (NRV%)<\/td>\n<td width=\"123\">3 kapszula (NRV%)<\/td>\n<td width=\"123\">6 kapszula (NRV%)<\/td>\n<\/tr>\n<tr>\n<td width=\"233\"><strong>Spirulina rias<\/strong><\/td>\n<td width=\"123\">200 mg<\/td>\n<td width=\"123\">600 mg<\/td>\n<td width=\"123\">1200 mg<\/td>\n<\/tr>\n<tr>\n<td width=\"233\"><strong>Chlorella rias<\/strong><\/td>\n<td width=\"123\">200 mg<\/td>\n<td width=\"123\">600 mg<\/td>\n<td width=\"123\">1200 mg<\/td>\n<\/tr>\n<tr>\n<td width=\"233\"><strong>Lithothamnium coralloides\u00a0 \u00a0 \u00a0 \u00a0\u00a0<\/strong><\/td>\n<td width=\"123\">100 mg<\/td>\n<td width=\"123\">300 mg<\/td>\n<td width=\"123\">600 mg<\/td>\n<\/tr>\n<tr>\n<td width=\"233\">\u00a0\u2013 z toho: v\u00e1pnik<\/td>\n<td width=\"123\">30 mg (3,75%)<\/td>\n<td width=\"123\">90 mg (11,25%)<\/td>\n<td width=\"123\">180 mg (22,5%)<\/td>\n<\/tr>\n<tr>\n<td width=\"233\"><strong>Thallus of the ascophyllum nodosum, Kelp rias<\/strong><\/td>\n<td width=\"123\">50 mg<\/td>\n<td width=\"123\">150 mg<\/td>\n<td width=\"123\">300 mg<\/td>\n<\/tr>\n<tr>\n<td width=\"233\">\u00a0\u2013 z toho: j\u00f3d<\/td>\n<td width=\"123\">30 \u00b5g (20%)<\/td>\n<td width=\"123\">90 \u00b5g (60%)<\/td>\n<td width=\"123\">180 \u00b5g (120%)<\/td>\n<\/tr>\n<tr>\n<td width=\"233\"><strong>Haematococcus pluvialis alga<\/strong><\/td>\n<td width=\"123\">37,5 mg<\/td>\n<td width=\"123\">112,5 mg<\/td>\n<td width=\"123\">225 mg<\/td>\n<\/tr>\n<tr>\n<td width=\"233\">\u00a0\u2013 z toho: astaxantin<\/td>\n<td width=\"123\">1,5 mg<\/td>\n<td width=\"123\">4,5 mg<\/td>\n<td width=\"123\">9 mg<\/td>\n<\/tr>\n<tr>\n<td width=\"233\">Vitam\u00edn C<\/td>\n<td width=\"123\">15 mg (18,75%)<\/td>\n<td width=\"123\">45 mg (56,25)<\/td>\n<td width=\"123\">90 mg (112,5%)<\/td>\n<\/tr>\n<\/tbody>\n<\/table>\n<p>&nbsp;<\/p>\n<p>V mikroriasach s\u00fa vitam\u00edny, miner\u00e1ly, stopov\u00e9 prvky a \u010fal\u0161ie mikro\u017eiviny pr\u00edtomn\u00e9 v bioakt\u00edvnej forme, teda viazan\u00e9 na bielkoviny, tak\u017ee ich vstreb\u00e1vanie v \u013eudskom organizme je efekt\u00edvnej\u0161ie ako zlo\u017eky vo v\u00e4\u010d\u0161ine umel\u00fdch multivitam\u00ednov\u00fdch pr\u00edpravkov.<\/p>\n<p><span class=\"jCAhz ChMk0b\"><span class=\"ryNqvb\">Riasa spirulina obsahuje ve\u013ek\u00e9 mno\u017estvo \u013eahko str\u00e1vite\u013en\u00fdch bielkov\u00edn rastlinn\u00e9ho p\u00f4vodu a vysok\u00fa koncentr\u00e1ciu chlorofylu.<\/span><\/span> <span class=\"jCAhz ChMk0b\"><span class=\"ryNqvb\">\u010ealej obsahuje vitam\u00edny skupiny B, ve\u013ea beta karot\u00e9nu, vitam\u00edn E, drasl\u00edk, zinok, hor\u010d\u00edk, mang\u00e1n, sel\u00e9n, mnoho \u010fal\u0161\u00edch miner\u00e1lov a stopov\u00fdch prvkov, fykocyan\u00edn, DNA, RNA, kyselinu Y-linol\u00e9nov\u00fa, esenci\u00e1lne mastn\u00e9 kyseliny a nas\u00fdten\u00e9 mastn\u00e9 kyseliny.<\/span><\/span> <span class=\"jCAhz ChMk0b\"><span class=\"ryNqvb\">Riasa Spirulina bola WHO klasifikovan\u00e1 ako \u201esuperpotravina\u201c: obsahuje viac ako 4000 \u017eivotne d\u00f4le\u017eit\u00fdch l\u00e1tok s najvy\u0161\u0161\u00edm biologick\u00fdm vyu\u017eit\u00edm!<\/span><\/span><\/p>\n<p><span class=\"jCAhz ChMk0b\"><span class=\"ryNqvb\">Riasa chlorella je \u201ejedov\u00fd magnet\u201c, schopn\u00fd zbavi\u0165 bunky \u0161kodliv\u00fdch l\u00e1tok a usaden\u00edn.<\/span><\/span> <span class=\"jCAhz ChMk0b\"><span class=\"ryNqvb\">Jeho schopnos\u0165 odstra\u0148ova\u0165 \u0165a\u017ek\u00e9 kovy je jedine\u010dn\u00e1.<\/span><\/span> <span class=\"jCAhz ChMk0b\"><span class=\"ryNqvb\">Po detoxik\u00e1cii na\u0161e obli\u010dky a pe\u010de\u0148 dok\u00e1\u017eu lep\u0161ie plni\u0165 svoje \u00falohy.<\/span><\/span> <span class=\"jCAhz ChMk0b\"><span class=\"ryNqvb\">Viac ako 50 % chlorelly tvoria bielkoviny, obsahuje v\u0161etky vitam\u00edny skupiny B, \u010falej vitam\u00edn C, vitam\u00edn E, miner\u00e1ly, Omega-3 mastn\u00e9 kyseliny, GLA, stopov\u00e9 prvky, mukopolysacharidy, RNA, DNA a chlorofyl.<\/span><\/span><\/p>\n<p><span class=\"jCAhz ChMk0b\"><span class=\"ryNqvb\">Riasa Lithothamnium, \u010di\u017ee biela riasa, \u017eije v \u010dist\u00fdch moriach a viac ako tretinu tvor\u00ed organicky viazan\u00fd v\u00e1pnik, ktor\u00fd dok\u00e1\u017ee \u013eudsk\u00fd organizmus vstreba\u0165 v priemere z 90 %.<\/span><\/span> <span class=\"jCAhz ChMk0b\"><span class=\"ryNqvb\">T\u00e1to riasa m\u00e1 schopnos\u0165 dr\u017ea\u0165 pohromade a sp\u00e1ja\u0165 r\u00f4zne pr\u00edrodn\u00e9 morsk\u00e9 materi\u00e1ly.<\/span><\/span> <span class=\"jCAhz ChMk0b\"><span class=\"ryNqvb\">Okrem bioakt\u00edvneho v\u00e1pnika obsahuje aj hor\u010d\u00edk, sel\u00e9n, zinok, kobalt, me\u010f a chr\u00f3m.<\/span><\/span><\/p>\n<p><span class=\"jCAhz ChMk0b\"><span class=\"ryNqvb\">Chaluhov\u00e1 riasa, tie\u017e zn\u00e1ma ako Thallus z ascophyllum nodosum, je jedn\u00fdm z najlep\u0161\u00edch pr\u00edrodn\u00fdch zdrojov bioakt\u00edvneho j\u00f3du, ale obsahuje aj 60 \u010fal\u0161\u00edch stopov\u00fdch prvkov.<\/span><\/span> <span class=\"jCAhz ChMk0b\"><span class=\"ryNqvb\">J\u00f3d je jednou zo zlo\u017eiek horm\u00f3nov \u0161t\u00edtnej \u017e\u013eazy, ktor\u00e1 je k\u013e\u00fa\u010dov\u00fdm org\u00e1nom pre imunitn\u00e9 procesy prebiehaj\u00face v na\u0161om tele.<\/span><\/span> <span class=\"jCAhz ChMk0b\"><span class=\"ryNqvb\">J\u00f3d hr\u00e1 k\u013e\u00fa\u010dov\u00fa \u00falohu pri regul\u00e1cii metabolizmu a je mimoriadne d\u00f4le\u017eit\u00fd pre na\u0161e telo pri ochrane pred \u017eiaren\u00edm.<\/span><\/span><\/p>\n<p><span class=\"jCAhz ChMk0b\"><span class=\"ryNqvb\">Riasa Haematococcus pluvialis alebo \u010derven\u00e1 riasa je najlep\u0161\u00edm pr\u00edrodn\u00fdm zdrojom astaxant\u00ednu, ktor\u00fd sa nest\u00e1va prooxida\u010dn\u00fdm.<\/span><\/span> <span class=\"jCAhz ChMk0b\"><span class=\"ryNqvb\">Astaxant\u00edn je typ karotenoidov a je tie\u017e jednou z najsilnej\u0161\u00edch zn\u00e1mych pr\u00edrodn\u00fdch antioxida\u010dn\u00fdch zl\u00fa\u010den\u00edn.<\/span><\/span> <span class=\"jCAhz ChMk0b\"><span class=\"ryNqvb\">Pre na\u0161e telo s\u00fa antioxidanty najd\u00f4le\u017eitej\u0161\u00edmi zl\u00fa\u010deninami v obrane proti oxida\u010dn\u00e9mu stresu.<\/span><\/span> <span class=\"jCAhz ChMk0b\"><span class=\"ryNqvb\">Astaxant\u00edn prenik\u00e1 hematoencefalickou bari\u00e9rou a hematoencefalickou bari\u00e9rou, tak\u017ee sa m\u00f4\u017ee priaznivo hromadi\u0165 v mozgu a o\u010diach.<\/span><\/span> <span class=\"jCAhz ChMk0b\"><span class=\"ryNqvb\">Jednou z d\u00f4le\u017eit\u00fdch vlastnost\u00ed astaxant\u00ednu je, \u017ee zni\u017euje produkciu a aktivitu mnoh\u00fdch enz\u00fdmov, ktor\u00e9 produkuj\u00fa z\u00e1palov\u00e9 cytok\u00edny.<\/span><\/span><\/p>\n<p><span class=\"jCAhz ChMk0b\"><span class=\"ryNqvb\">Pr\u00edpravok obsahuje aj 15 mg vitam\u00ednu C na kapsulu.<\/span><\/span><\/p>\n<p><span class=\"jCAhz ChMk0b\"><span class=\"ryNqvb\">INFORM\u00c1CIE PRED POU\u017dIT\u00cdM IMUNEX KAPSULY<\/span><\/span><\/p>\n<p><span class=\"jCAhz ChMk0b\"><span class=\"ryNqvb\">Neu\u017e\u00edvajte Imunex kapsuly<\/span><\/span><\/p>\n<p><span class=\"jCAhz ChMk0b\"><span class=\"ryNqvb\">Pacientom po transplant\u00e1cii sa neodpor\u00fa\u010da konzumova\u0165 IMUNEX pre jeho \u00fa\u010dinok na posilnenie imunity!<\/span><\/span><\/p>\n<p><span class=\"jCAhz ChMk0b\"><span class=\"ryNqvb\">Inform\u00e1cie o pred\u00e1vkovan\u00ed j\u00f3dom a hypertyre\u00f3ze<\/span><\/span><\/p>\n<p><span class=\"jCAhz ChMk0b\"><span class=\"ryNqvb\">Ke\u010f\u017ee sa j\u00f3d v riasach vyskytuje naviazan\u00fd na bielkoviny, telo nie je vystaven\u00e9 riziku pred\u00e1vkovania j\u00f3dom.<\/span><\/span><\/p>\n<p><span class=\"jCAhz ChMk0b\"><span class=\"ryNqvb\">Ak trp\u00edte tyreotoxik\u00f3zou (vysok\u00e1 hladina horm\u00f3nov \u0161t\u00edtnej \u017e\u013eazy), hypertyre\u00f3zou a nie ste si ist\u00fd, \u010di m\u00f4\u017eete pr\u00edpravok u\u017e\u00edva\u0165, pora\u010fte sa pred u\u017e\u00edvan\u00edm so svoj\u00edm lek\u00e1rom.<\/span><\/span><\/p>\n<p><span class=\"jCAhz ChMk0b\"><span class=\"ryNqvb\">V pr\u00edpade lie\u010dby drogami<\/span><\/span><\/p>\n<p><span class=\"jCAhz ChMk0b\"><span class=\"ryNqvb\">V pr\u00edpade medikament\u00f3znej lie\u010dby pr\u00edrodn\u00e9 zlo\u017eky rias Imunex neobsahuj\u00fa protichodn\u00e9 syntetick\u00e9 l\u00e1tky.<\/span><\/span><\/p>\n<p><span class=\"jCAhz ChMk0b\"><span class=\"ryNqvb\">PREDPISY: 23180\/2020 [<a href=\"https:\/\/ogyei.gov.hu\/ETREND_LISTA\/\" target=\"_blank\" rel=\"noopener\">05.<\/a>]<\/span><\/span><\/p>\n<p>&nbsp;<\/p>\n<p><span class=\"jCAhz ChMk0b\"><span class=\"ryNqvb\">AKO U\u017d\u00cdVA\u0164 IMUNEX KAPSULY?<\/span><\/span> <span class=\"jCAhz ChMk0b\"><span class=\"ryNqvb\">Odpor\u00fa\u010dan\u00e1 denn\u00e1 d\u00e1vka pr\u00edpravku pre dospel\u00fdch:<\/span><\/span><\/p>\n<p><span class=\"jCAhz ChMk0b\"><span class=\"ryNqvb\">Prevencia: 3 x 2 kapsuly<\/span><\/span><\/p>\n<p><span class=\"jCAhz ChMk0b\"><span class=\"ryNqvb\">V pr\u00edpade v\u00e1\u017enych, komplexn\u00fdch probl\u00e9mov: d\u00e1vku mo\u017eno zv\u00fd\u0161i\u0165 a\u017e na 3\u00d74 kapsuly denne.<\/span><\/span><\/p>\n<p><span class=\"jCAhz ChMk0b\"><span class=\"ryNqvb\">Pre telesn\u00fa hmotnos\u0165 do 40 kg: 3 x 1 kapsula<\/span><\/span><\/p>\n<p><span class=\"jCAhz ChMk0b\"><span class=\"ryNqvb\">Pri u\u017e\u00edvan\u00ed kaps\u00fal zapite dostato\u010dn\u00fdm mno\u017estvom vody.<\/span><\/span><\/p>\n<p><span class=\"jCAhz ChMk0b\"><span class=\"ryNqvb\">Kedy sa maj\u00fa kapsuly Imunex u\u017e\u00edva\u0165?<\/span><\/span><\/p>\n<p><span class=\"jCAhz ChMk0b\"><span class=\"ryNqvb\">U\u017e\u00edvanie kaps\u00fal Imunex by malo by\u0165 spojen\u00e9 s jedlom: pred jedlom, po\u010das jedla alebo po jedle, preto\u017ee vstreb\u00e1vanie \u017eiv\u00edn bude efekt\u00edvnej\u0161ie.<\/span><\/span><\/p>\n<p><span class=\"jCAhz ChMk0b\"><span class=\"ryNqvb\">Pri prvej konzum\u00e1cii mikrorias<\/span><\/span><\/p>\n<p><span class=\"jCAhz ChMk0b\"><span class=\"ryNqvb\">Ak konzumujete produkt na riasy prv\u00fdkr\u00e1t, postupne ka\u017ed\u00fd t\u00fd\u017ede\u0148 zvy\u0161ujte odpor\u00fa\u010dan\u00e9 denn\u00e9 mno\u017estvo, a to nasledovne:<\/span><\/span><\/p>\n<p>&nbsp;<\/p>\n<table>\n<tbody>\n<tr>\n<td width=\"206\">1. t\u00fd\u017ede\u0148<\/td>\n<td width=\"408\">1 kapsula r\u00e1no a 1 kapsula napoludnie<\/td>\n<\/tr>\n<tr>\n<td width=\"206\">2. t\u00fd\u017ede\u0148<\/td>\n<td width=\"408\">1 kapsula r\u00e1no, 1 kapsula napoludnie a 1 kapsula ve\u010der<\/td>\n<\/tr>\n<tr>\n<td width=\"206\">3. t\u00fd\u017ede\u0148<\/td>\n<td width=\"408\">2 kapsuly r\u00e1no, 2 kapsuly na poludnie<\/td>\n<\/tr>\n<tr>\n<td width=\"206\">4. t\u00fd\u017ede\u0148<\/td>\n<td width=\"408\">2 kapsuly r\u00e1no, 2 kapsuly napoludnie a 1 kapsula ve\u010der<\/td>\n<\/tr>\n<tr>\n<td width=\"206\">5. t\u00fd\u017ede\u0148<\/td>\n<td width=\"408\">2 kapsuly r\u00e1no, 2 kapsuly na poludnie a 2 kapsuly ve\u010der<\/td>\n<\/tr>\n<tr>\n<td width=\"206\">6. t\u00fd\u017ede\u0148<\/td>\n<td width=\"408\">Prij\u00edman\u00e9 mno\u017estvo je mo\u017en\u00e9 pod\u013ea potreby \u010falej zvy\u0161ova\u0165.<\/td>\n<\/tr>\n<\/tbody>\n<\/table>\n<p>Odpor\u00fa\u010dan\u00fd denn\u00fd pr\u00edjem vody pri u\u017e\u00edvan\u00ed kaps\u00fal Imunex<\/p>\n<table>\n<tbody>\n<tr>\n<td width=\"206\"><strong>Hmotnos\u0165 vlastn\u00e9ho tela<\/strong><\/td>\n<td width=\"408\">Denn\u00fd pr\u00edjem vody<\/td>\n<\/tr>\n<tr>\n<td width=\"206\">9 kg<\/td>\n<td width=\"408\">0,25 litra<\/td>\n<\/tr>\n<tr>\n<td width=\"206\">18 kg<\/td>\n<td width=\"408\">0,5 litra<\/td>\n<\/tr>\n<tr>\n<td width=\"206\">27 kg<\/td>\n<td width=\"408\">0,75 litra<\/td>\n<\/tr>\n<tr>\n<td width=\"206\">36 kg<\/td>\n<td width=\"408\">1 litra<\/td>\n<\/tr>\n<tr>\n<td width=\"206\">45 kg<\/td>\n<td width=\"408\">1,25 litra<\/td>\n<\/tr>\n<tr>\n<td width=\"206\">54 kg<\/td>\n<td width=\"408\">1,5 litra<\/td>\n<\/tr>\n<tr>\n<td width=\"206\">63 kg<\/td>\n<td width=\"408\">1,75 litra<\/td>\n<\/tr>\n<tr>\n<td width=\"206\">72 kg<\/td>\n<td width=\"408\">2 litra<\/td>\n<\/tr>\n<tr>\n<td width=\"206\">81 kg<\/td>\n<td width=\"408\">2,25 litra<\/td>\n<\/tr>\n<tr>\n<td width=\"206\">90 kg<\/td>\n<td width=\"408\">2,5 litra<\/td>\n<\/tr>\n<tr>\n<td width=\"206\">99 kg<\/td>\n<td width=\"408\">2,75 litra<\/td>\n<\/tr>\n<tr>\n<td width=\"206\">108 kg<\/td>\n<td width=\"408\">3 litra<\/td>\n<\/tr>\n<tr>\n<td width=\"206\">117 kg<\/td>\n<td width=\"408\">3,25 litra<\/td>\n<\/tr>\n<\/tbody>\n<\/table>\n<p>&nbsp;<\/p>\n<p><span class=\"jCAhz ChMk0b\"><span class=\"ryNqvb\">Pre deti<\/span><\/span><\/p>\n<p><span class=\"jCAhz ChMk0b\"><span class=\"ryNqvb\">Odpor\u00fa\u010dan\u00e1 denn\u00e1 d\u00e1vka pr\u00edpravku pre deti od 3 rokov do 18 rokov je nasledovn\u00e1:<\/span><\/span><\/p>\n<ul>\n<li>Od 3 do 8 rokov: 1 kapsula \/ de\u0148<\/li>\n<li>Od 8 do 13 rokov: 2 kapsuly denne<\/li>\n<li>Od 13 do 18 rokov: 3 kapsuly denne<\/li>\n<\/ul>\n<p><strong><span class=\"jCAhz ChMk0b\"><span class=\"ryNqvb\">Ako dlho je mo\u017en\u00e9 produkt u\u017e\u00edva\u0165?<\/span><\/span> <\/strong><\/p>\n<p><span class=\"jCAhz ChMk0b\"><span class=\"ryNqvb\">V\u00fd\u017eivov\u00fd doplnok Imunex je mo\u017en\u00e9 u\u017e\u00edva\u0165 nepretr\u017eite, bez prest\u00e1vok.<\/span><\/span><\/p>\n<p><strong><span class=\"jCAhz ChMk0b\"><span class=\"ryNqvb\">AKO UCHOV\u00c1VA\u0164 DOPLNOK STRAVY IMUNEX<\/span><\/span> <\/strong><\/p>\n<p><span class=\"jCAhz ChMk0b\"><span class=\"ryNqvb\">Skladujte pri teplote nie vy\u0161\u0161ej ako 25 \u00b0C, mimo dosahu vlhk\u00e9ho vzduchu a svetla.<\/span><\/span><\/p>\n<p><span class=\"jCAhz ChMk0b\"><span class=\"ryNqvb\">Treba ho uchov\u00e1va\u0165 mimo dosahu det\u00ed, my dospel\u00ed ho d\u00e1vame die\u0165a\u0165u<\/span><\/span><\/p>\n<p>&nbsp;<\/p>\n<p><strong><span class=\"jCAhz ChMk0b\"><span class=\"ryNqvb\">Vzh\u013ead kapsuly Imunex a obsah balenia<\/span><\/span> <\/strong><\/p>\n<p><span class=\"jCAhz ChMk0b\"><span class=\"ryNqvb\">Zlo\u017eky produktu s\u00fa obsiahnut\u00e9 v kapsule.<\/span><\/span> <span class=\"jCAhz ChMk0b\"><span class=\"ryNqvb\">Kapsula je prieh\u013eadn\u00e1, farba vn\u00fatorn\u00e9ho obsahu je zelen\u00e1.<\/span><\/span> <span class=\"jCAhz ChMk0b\"><span class=\"ryNqvb\">N\u00e1doba s kapsulami je ulo\u017een\u00e1 v kart\u00f3novej \u0161katu\u013eke.<\/span><\/span><\/p>\n<p><strong><span class=\"jCAhz ChMk0b\"><span class=\"ryNqvb\">S\u00favisiaci v\u00fdskum, publik\u00e1cie:<\/span><\/span> <\/strong><\/p>\n<ul>\n<li>[01.] The promising future of microalgae: current status, challenges, and optimization of a sustainable and renewable industry for biofuels, feed, and other products \u2013\u00a0<span class=\"doi\">doi:\u00a0<a href=\"https:\/\/dx.doi.org\/10.1186%2Fs12934-018-0879-x\" target=\"pmc_ext\" rel=\"noopener\">10.1186\/s12934-018-0879-x<\/a><\/span><\/li>\n<li>[02.] Intergovernmental Institution for the use of micro algae Spirulina against malnutrition (IIMSAM)<\/li>\n<li>[03.] A Mineral-Rich Extract from the Red Marine Algae Lithothamnion calcareum Preserves Bone Structure and Function in Female Mice on a Western-Style Diet \u2013\u00a0<span class=\"doi\">doi:\u00a0<a href=\"https:\/\/dx.doi.org\/10.1007%2Fs00223-010-9340-9\" target=\"pmc_ext\" rel=\"noopener\">10.1007\/s00223-010-9340-9<\/a><\/span><\/li>\n<li>[04.] Astaxanthin-Producing Green Microalga Haematococcus pluvialis: From Single Cell to High Value Commercial Products \u2013\u00a0<span class=\"doi\">doi:\u00a0<a href=\"https:\/\/dx.doi.org\/10.3389%2Ffpls.2016.00531\" target=\"pmc_ext\" rel=\"noopener\">10.3389\/fpls.2016.00531<\/a><\/span><\/li>\n<li>[05.] OGY\u00c9I \u2013 Zoznam ozn\u00e1men\u00fdch doplnkov stravy<\/li>\n<\/ul>","protected":false},"excerpt":{"rendered":"<p>1 krabi\u010dka \/ 180 kaps\u00fal &#8211; 5 rias v jednom komplexe<\/p>\n<p>Pri konzum\u00e1cii 6 kaps\u00fal vysta\u010d\u00ed na: 120 dn\u00ed<\/p>\n<p>Dodanie od 3 ks &#8211; 0 Eur<\/p>\n<p>Doru\u010duje kuri\u00e9r GLS<\/p>\n<p><a href=\"https:\/\/riasyobchod.sk\/sk\/davkovanie-rias-imunex\/\">Konzum\u00e1cia Denn\u00e1 d\u00e1vka<\/a><\/p>\n<p><span class=\"jCAhz ChMk0b\"><span class=\"ryNqvb\">Zlo\u017eenie Imunexu: spirulina, chlorella, litothamnium: bioakt\u00edvny v\u00e1pnik, chaluhov\u00e9 riasy: bioakt\u00edvny j\u00f3d a H. Pluvialis: bioakt\u00edvny astaxant\u00edn. BEZLEPKOV\u00dd, BEZ LAKT\u00d3ZY, GMO FREE, BEZ PR\u00cdDAVN\u00ddCH L\u00c1TOK<\/span><\/span><\/p>","protected":false},"featured_media":4147,"template":"","meta":{"site-sidebar-layout":"default","site-content-layout":"default","ast-site-content-layout":"default","site-content-style":"default","site-sidebar-style":"default","ast-global-header-display":"","ast-banner-title-visibility":"","ast-main-header-display":"","ast-hfb-above-header-display":"","ast-hfb-below-header-display":"","ast-hfb-mobile-header-display":"","site-post-title":"","ast-breadcrumbs-content":"","ast-featured-img":"","footer-sml-layout":"","ast-disable-related-posts":"","theme-transparent-header-meta":"default","adv-header-id-meta":"","stick-header-meta":"","header-above-stick-meta":"","header-main-stick-meta":"","header-below-stick-meta":"","astra-migrate-meta-layouts":"set","ast-page-background-enabled":"default","ast-page-background-meta":{"desktop":{"background-color":"","background-image":"","background-repeat":"repeat","background-position":"center center","background-size":"auto","background-attachment":"scroll","background-type":"","background-media":"","overlay-type":"","overlay-color":"","overlay-opacity":"","overlay-gradient":""},"tablet":{"background-color":"","background-image":"","background-repeat":"repeat","background-position":"center center","background-size":"auto","background-attachment":"scroll","background-type":"","background-media":"","overlay-type":"","overlay-color":"","overlay-opacity":"","overlay-gradient":""},"mobile":{"background-color":"","background-image":"","background-repeat":"repeat","background-position":"center center","background-size":"auto","background-attachment":"scroll","background-type":"","background-media":"","overlay-type":"","overlay-color":"","overlay-opacity":"","overlay-gradient":""}},"ast-content-background-meta":{"desktop":{"background-color":"var(--ast-global-color-5)","background-image":"","background-repeat":"repeat","background-position":"center center","background-size":"auto","background-attachment":"scroll","background-type":"","background-media":"","overlay-type":"","overlay-color":"","overlay-opacity":"","overlay-gradient":""},"tablet":{"background-color":"var(--ast-global-color-5)","background-image":"","background-repeat":"repeat","background-position":"center center","background-size":"auto","background-attachment":"scroll","background-type":"","background-media":"","overlay-type":"","overlay-color":"","overlay-opacity":"","overlay-gradient":""},"mobile":{"background-color":"var(--ast-global-color-5)","background-image":"","background-repeat":"repeat","background-position":"center center","background-size":"auto","background-attachment":"scroll","background-type":"","background-media":"","overlay-type":"","overlay-color":"","overlay-opacity":"","overlay-gradient":""}}},"product_brand":[],"product_cat":[27],"product_tag":[35,33,31,30,32,34],"class_list":{"0":"post-2061","1":"product","2":"type-product","3":"status-publish","4":"has-post-thumbnail","6":"product_cat-posilnovac-imunity","7":"product_tag-antioxidant","8":"product_tag-doplnok-stravy","9":"product_tag-hormonalna-rovnovaha","10":"product_tag-kardiovaskularny-system","11":"product_tag-posilnovac-kosti","12":"product_tag-protizapalove","13":"desktop-align-left","14":"tablet-align-left","15":"mobile-align-left","17":"first","18":"instock","19":"sale","20":"taxable","21":"shipping-taxable","22":"purchasable","23":"product-type-simple"},"_links":{"self":[{"href":"https:\/\/riasyobchod.sk\/sk\/wp-json\/wp\/v2\/product\/2061","targetHints":{"allow":["GET"]}}],"collection":[{"href":"https:\/\/riasyobchod.sk\/sk\/wp-json\/wp\/v2\/product"}],"about":[{"href":"https:\/\/riasyobchod.sk\/sk\/wp-json\/wp\/v2\/types\/product"}],"wp:featuredmedia":[{"embeddable":true,"href":"https:\/\/riasyobchod.sk\/sk\/wp-json\/wp\/v2\/media\/4147"}],"wp:attachment":[{"href":"https:\/\/riasyobchod.sk\/sk\/wp-json\/wp\/v2\/media?parent=2061"}],"wp:term":[{"taxonomy":"product_brand","embeddable":true,"href":"https:\/\/riasyobchod.sk\/sk\/wp-json\/wp\/v2\/product_brand?post=2061"},{"taxonomy":"product_cat","embeddable":true,"href":"https:\/\/riasyobchod.sk\/sk\/wp-json\/wp\/v2\/product_cat?post=2061"},{"taxonomy":"product_tag","embeddable":true,"href":"https:\/\/riasyobchod.sk\/sk\/wp-json\/wp\/v2\/product_tag?post=2061"}],"curies":[{"name":"wp","href":"https:\/\/api.w.org\/{rel}","templated":true}]}}