{"id":2197,"date":"2022-12-06T07:23:04","date_gmt":"2022-12-06T07:23:04","guid":{"rendered":"https:\/\/riasyobchod.sk\/?page_id=2197"},"modified":"2022-12-06T07:25:01","modified_gmt":"2022-12-06T07:25:01","slug":"donaska-domov","status":"publish","type":"page","link":"https:\/\/riasyobchod.sk\/sk\/donaska-domov\/","title":{"rendered":"Don\u00e1\u0161ka domov"},"content":{"rendered":"<div data-elementor-type=\"wp-page\" data-elementor-id=\"2197\" class=\"elementor elementor-2197\" data-elementor-post-type=\"page\">\n\t\t\t\t\t\t<section class=\"elementor-section elementor-top-section elementor-element elementor-element-10f84091 elementor-section-content-middle elementor-reverse-mobile elementor-section-boxed elementor-section-height-default elementor-section-height-default\" data-id=\"10f84091\" data-element_type=\"section\" data-e-type=\"section\">\n\t\t\t\t\t\t<div class=\"elementor-container elementor-column-gap-no\">\n\t\t\t\t\t<div class=\"elementor-column elementor-col-50 elementor-top-column elementor-element elementor-element-4bab7a5d\" data-id=\"4bab7a5d\" data-element_type=\"column\" data-e-type=\"column\">\n\t\t\t<div class=\"elementor-widget-wrap elementor-element-populated\">\n\t\t\t\t\t\t<div class=\"elementor-element elementor-element-60946e81 elementor-widget elementor-widget-heading\" data-id=\"60946e81\" data-element_type=\"widget\" data-e-type=\"widget\" data-widget_type=\"heading.default\">\n\t\t\t\t<div class=\"elementor-widget-container\">\n\t\t\t\t\t<h2 class=\"elementor-heading-title elementor-size-default\">Don\u00e1\u0161ka domov<\/h2>\t\t\t\t<\/div>\n\t\t\t\t<\/div>\n\t\t\t\t<div class=\"elementor-element elementor-element-7e37af79 elementor-widget elementor-widget-text-editor\" data-id=\"7e37af79\" data-element_type=\"widget\" data-e-type=\"widget\" data-widget_type=\"text-editor.default\">\n\t\t\t\t<div class=\"elementor-widget-container\">\n\t\t\t\t\t\t\t\t\t<p>V\u00e1\u0161 bal\u00edk V\u00e1m doru\u010d\u00ed person\u00e1l kuri\u00e9rskej slu\u017eby<\/p><p>Doru\u010denie 3 EUR<\/p><p>Doprava zdarma<br \/>Pri objedn\u00e1vke nad 60 EUR<\/p><p>Dodanie trv\u00e1 1-3 pracovn\u00e9 dni od objedn\u00e1vky.<\/p><p>Doru\u010dovacia spolo\u010dnos\u0165: e-mail, sms, ozn\u00e1menie o pr\u00edchode bal\u00edka 1 de\u0148 vopred<\/p>\t\t\t\t\t\t\t\t<\/div>\n\t\t\t\t<\/div>\n\t\t\t\t\t<\/div>\n\t\t<\/div>\n\t\t\t\t<div class=\"elementor-column elementor-col-50 elementor-top-column elementor-element elementor-element-7dd875e2\" data-id=\"7dd875e2\" data-element_type=\"column\" data-e-type=\"column\">\n\t\t\t<div class=\"elementor-widget-wrap elementor-element-populated\">\n\t\t\t\t\t\t<div class=\"elementor-element elementor-element-809f8e2 elementor-widget elementor-widget-image\" data-id=\"809f8e2\" data-element_type=\"widget\" data-e-type=\"widget\" data-widget_type=\"image.default\">\n\t\t\t\t<div class=\"elementor-widget-container\">\n\t\t\t\t\t\t\t\t\t\t\t\t\t\t\t<img fetchpriority=\"high\" decoding=\"async\" width=\"590\" height=\"400\" src=\"https:\/\/riasyobchod.sk\/wp-content\/uploads\/2022\/12\/donaska-domov_optimized.jpg\" class=\"attachment-full size-full wp-image-2200\" alt=\"\" srcset=\"https:\/\/riasyobchod.sk\/wp-content\/uploads\/2022\/12\/donaska-domov_optimized.jpg 590w, https:\/\/riasyobchod.sk\/wp-content\/uploads\/2022\/12\/donaska-domov_optimized-300x203.jpg 300w\" sizes=\"(max-width: 590px) 100vw, 590px\" \/>\t\t\t\t\t\t\t\t\t\t\t\t\t\t\t<\/div>\n\t\t\t\t<\/div>\n\t\t\t\t\t<\/div>\n\t\t<\/div>\n\t\t\t\t\t<\/div>\n\t\t<\/section>\n\t\t\t\t<section class=\"elementor-section elementor-top-section elementor-element elementor-element-e520847 elementor-section-boxed elementor-section-height-default elementor-section-height-default\" data-id=\"e520847\" data-element_type=\"section\" data-e-type=\"section\">\n\t\t\t\t\t\t<div class=\"elementor-container elementor-column-gap-default\">\n\t\t\t\t\t<div class=\"elementor-column elementor-col-100 elementor-top-column elementor-element elementor-element-144389d\" data-id=\"144389d\" data-element_type=\"column\" data-e-type=\"column\">\n\t\t\t<div class=\"elementor-widget-wrap elementor-element-populated\">\n\t\t\t\t\t\t<div class=\"elementor-element elementor-element-bdb1808 elementor-widget elementor-widget-spacer\" data-id=\"bdb1808\" data-element_type=\"widget\" data-e-type=\"widget\" data-widget_type=\"spacer.default\">\n\t\t\t\t<div class=\"elementor-widget-container\">\n\t\t\t\t\t\t\t<div class=\"elementor-spacer\">\n\t\t\t<div class=\"elementor-spacer-inner\"><\/div>\n\t\t<\/div>\n\t\t\t\t\t\t<\/div>\n\t\t\t\t<\/div>\n\t\t\t\t\t<\/div>\n\t\t<\/div>\n\t\t\t\t\t<\/div>\n\t\t<\/section>\n\t\t\t\t<\/div>","protected":false},"excerpt":{"rendered":"<p>Don\u00e1\u0161ka domov V\u00e1\u0161 bal\u00edk V\u00e1m doru\u010d\u00ed person\u00e1l kuri\u00e9rskej slu\u017eby Doru\u010denie 3 EUR Doprava zdarmaPri objedn\u00e1vke nad 60 EUR Dodanie trv\u00e1 1-3 pracovn\u00e9 dni od objedn\u00e1vky. Doru\u010dovacia spolo\u010dnos\u0165: e-mail, sms, ozn\u00e1menie o pr\u00edchode bal\u00edka 1 de\u0148 vopred<\/p>","protected":false},"author":5,"featured_media":0,"parent":0,"menu_order":0,"comment_status":"closed","ping_status":"closed","template":"","meta":{"site-sidebar-layout":"no-sidebar","site-content-layout":"page-builder","ast-site-content-layout":"default","site-content-style":"default","site-sidebar-style":"default","ast-global-header-display":"","ast-banner-title-visibility":"","ast-main-header-display":"","ast-hfb-above-header-display":"","ast-hfb-below-header-display":"","ast-hfb-mobile-header-display":"","site-post-title":"disabled","ast-breadcrumbs-content":"","ast-featured-img":"disabled","footer-sml-layout":"","ast-disable-related-posts":"","theme-transparent-header-meta":"","adv-header-id-meta":"","stick-header-meta":"","header-above-stick-meta":"","header-main-stick-meta":"","header-below-stick-meta":"","astra-migrate-meta-layouts":"default","ast-page-background-enabled":"default","ast-page-background-meta":{"desktop":{"background-color":"","background-image":"","background-repeat":"repeat","background-position":"center center","background-size":"auto","background-attachment":"scroll","background-type":"","background-media":"","overlay-type":"","overlay-color":"","overlay-opacity":"","overlay-gradient":""},"tablet":{"background-color":"","background-image":"","background-repeat":"repeat","background-position":"center center","background-size":"auto","background-attachment":"scroll","background-type":"","background-media":"","overlay-type":"","overlay-color":"","overlay-opacity":"","overlay-gradient":""},"mobile":{"background-color":"","background-image":"","background-repeat":"repeat","background-position":"center center","background-size":"auto","background-attachment":"scroll","background-type":"","background-media":"","overlay-type":"","overlay-color":"","overlay-opacity":"","overlay-gradient":""}},"ast-content-background-meta":{"desktop":{"background-color":"var(--ast-global-color-5)","background-image":"","background-repeat":"repeat","background-position":"center center","background-size":"auto","background-attachment":"scroll","background-type":"","background-media":"","overlay-type":"","overlay-color":"","overlay-opacity":"","overlay-gradient":""},"tablet":{"background-color":"var(--ast-global-color-5)","background-image":"","background-repeat":"repeat","background-position":"center center","background-size":"auto","background-attachment":"scroll","background-type":"","background-media":"","overlay-type":"","overlay-color":"","overlay-opacity":"","overlay-gradient":""},"mobile":{"background-color":"var(--ast-global-color-5)","background-image":"","background-repeat":"repeat","background-position":"center center","background-size":"auto","background-attachment":"scroll","background-type":"","background-media":"","overlay-type":"","overlay-color":"","overlay-opacity":"","overlay-gradient":""}},"footnotes":""},"class_list":["post-2197","page","type-page","status-publish","hentry"],"_links":{"self":[{"href":"https:\/\/riasyobchod.sk\/sk\/wp-json\/wp\/v2\/pages\/2197","targetHints":{"allow":["GET"]}}],"collection":[{"href":"https:\/\/riasyobchod.sk\/sk\/wp-json\/wp\/v2\/pages"}],"about":[{"href":"https:\/\/riasyobchod.sk\/sk\/wp-json\/wp\/v2\/types\/page"}],"author":[{"embeddable":true,"href":"https:\/\/riasyobchod.sk\/sk\/wp-json\/wp\/v2\/users\/5"}],"replies":[{"embeddable":true,"href":"https:\/\/riasyobchod.sk\/sk\/wp-json\/wp\/v2\/comments?post=2197"}],"version-history":[{"count":4,"href":"https:\/\/riasyobchod.sk\/sk\/wp-json\/wp\/v2\/pages\/2197\/revisions"}],"predecessor-version":[{"id":2203,"href":"https:\/\/riasyobchod.sk\/sk\/wp-json\/wp\/v2\/pages\/2197\/revisions\/2203"}],"wp:attachment":[{"href":"https:\/\/riasyobchod.sk\/sk\/wp-json\/wp\/v2\/media?parent=2197"}],"curies":[{"name":"wp","href":"https:\/\/api.w.org\/{rel}","templated":true}]}}