{"id":2191,"date":"2022-12-06T06:51:09","date_gmt":"2022-12-06T06:51:09","guid":{"rendered":"https:\/\/riasyobchod.sk\/?page_id=2191"},"modified":"2022-12-06T07:02:39","modified_gmt":"2022-12-06T07:02:39","slug":"zaruka","status":"publish","type":"page","link":"https:\/\/riasyobchod.sk\/sk\/zaruka\/","title":{"rendered":"Z\u00e1ruka"},"content":{"rendered":"<div data-elementor-type=\"wp-page\" data-elementor-id=\"2191\" class=\"elementor elementor-2191\" data-elementor-post-type=\"page\">\n\t\t\t\t\t\t<section class=\"elementor-section elementor-top-section elementor-element elementor-element-b099bf8 elementor-section-boxed elementor-section-height-default elementor-section-height-default\" data-id=\"b099bf8\" data-element_type=\"section\" data-e-type=\"section\">\n\t\t\t\t\t\t<div class=\"elementor-container elementor-column-gap-default\">\n\t\t\t\t\t<div class=\"elementor-column elementor-col-100 elementor-top-column elementor-element elementor-element-e0b88da\" data-id=\"e0b88da\" data-element_type=\"column\" data-e-type=\"column\">\n\t\t\t<div class=\"elementor-widget-wrap elementor-element-populated\">\n\t\t\t\t\t\t<div class=\"elementor-element elementor-element-acfe140 elementor-widget elementor-widget-spacer\" data-id=\"acfe140\" data-element_type=\"widget\" data-e-type=\"widget\" data-widget_type=\"spacer.default\">\n\t\t\t\t<div class=\"elementor-widget-container\">\n\t\t\t\t\t\t\t<div class=\"elementor-spacer\">\n\t\t\t<div class=\"elementor-spacer-inner\"><\/div>\n\t\t<\/div>\n\t\t\t\t\t\t<\/div>\n\t\t\t\t<\/div>\n\t\t\t\t<div class=\"elementor-element elementor-element-a77be12 elementor-widget elementor-widget-heading\" data-id=\"a77be12\" data-element_type=\"widget\" data-e-type=\"widget\" data-widget_type=\"heading.default\">\n\t\t\t\t<div class=\"elementor-widget-container\">\n\t\t\t\t\t<h2 class=\"elementor-heading-title elementor-size-default\">Z\u00e1ru\u010dn\u00e9 podmienky (doplnok stravy)<\/h2>\t\t\t\t<\/div>\n\t\t\t\t<\/div>\n\t\t\t\t<div class=\"elementor-element elementor-element-0c29b46 elementor-widget elementor-widget-spacer\" data-id=\"0c29b46\" data-element_type=\"widget\" data-e-type=\"widget\" data-widget_type=\"spacer.default\">\n\t\t\t\t<div class=\"elementor-widget-container\">\n\t\t\t\t\t\t\t<div class=\"elementor-spacer\">\n\t\t\t<div class=\"elementor-spacer-inner\"><\/div>\n\t\t<\/div>\n\t\t\t\t\t\t<\/div>\n\t\t\t\t<\/div>\n\t\t\t\t\t<\/div>\n\t\t<\/div>\n\t\t\t\t\t<\/div>\n\t\t<\/section>\n\t\t\t\t<section class=\"elementor-section elementor-top-section elementor-element elementor-element-9bfa8d6 elementor-section-boxed elementor-section-height-default elementor-section-height-default\" data-id=\"9bfa8d6\" data-element_type=\"section\" data-e-type=\"section\">\n\t\t\t\t\t\t<div class=\"elementor-container elementor-column-gap-default\">\n\t\t\t\t\t<div class=\"elementor-column elementor-col-100 elementor-top-column elementor-element elementor-element-0037ac3\" data-id=\"0037ac3\" data-element_type=\"column\" data-e-type=\"column\">\n\t\t\t<div class=\"elementor-widget-wrap elementor-element-populated\">\n\t\t\t\t\t\t<div class=\"elementor-element elementor-element-6f7ecea elementor-widget elementor-widget-heading\" data-id=\"6f7ecea\" data-element_type=\"widget\" data-e-type=\"widget\" data-widget_type=\"heading.default\">\n\t\t\t\t<div class=\"elementor-widget-container\">\n\t\t\t\t\t<h3 class=\"elementor-heading-title elementor-size-default\">30-d\u0148ov\u00e1 100% z\u00e1ruka vr\u00e1tenia pe\u0148az\u00ed<\/h3>\t\t\t\t<\/div>\n\t\t\t\t<\/div>\n\t\t\t\t<div class=\"elementor-element elementor-element-0b586f6 elementor-widget elementor-widget-text-editor\" data-id=\"0b586f6\" data-element_type=\"widget\" data-e-type=\"widget\" data-widget_type=\"text-editor.default\">\n\t\t\t\t<div class=\"elementor-widget-container\">\n\t\t\t\t\t\t\t\t\t<p><span class=\"jCAhz ChMk0b\"><span class=\"ryNqvb\">Na na\u0161e produkty poskytujeme 100% z\u00e1ruku vr\u00e1tenia pe\u0148az\u00ed do 30 dn\u00ed od n\u00e1kupu.<\/span><\/span> <span class=\"jCAhz ChMk0b\"><span class=\"ryNqvb\">Z\u00e1ruka plat\u00ed aj vtedy, ak ste u\u017e zak\u00fapen\u00fd v\u00fdrobok za\u010dali spotrebov\u00e1va\u0165.<\/span><\/span> <span class=\"jCAhz ChMk0b\"><span class=\"ryNqvb\">Z\u00e1ruka vr\u00e1tenia pe\u0148az\u00ed sa vz\u0165ahuje na:<\/span><\/span><\/p>\t\t\t\t\t\t\t\t<\/div>\n\t\t\t\t<\/div>\n\t\t\t\t<div class=\"elementor-element elementor-element-33f5358 elementor-widget elementor-widget-text-editor\" data-id=\"33f5358\" data-element_type=\"widget\" data-e-type=\"widget\" data-widget_type=\"text-editor.default\">\n\t\t\t\t<div class=\"elementor-widget-container\">\n\t\t\t\t\t\t\t\t\t<p>o\u00a0 K\u00fapnu cenu zaplaten\u00fdch produktov<\/p><p>o\u00a0 za poplatok za doru\u010denie (ak je zaplaten\u00fd)<\/p><p>o\u00a0 za va\u0161e spiato\u010dn\u00e9 po\u0161tovn\u00e9<\/p><p><span class=\"jCAhz ChMk0b\"><span class=\"ryNqvb\">U n\u00e1s m\u00f4\u017eete nakupova\u0165 bez rizika.<\/span><\/span> <span class=\"jCAhz ChMk0b\"><span class=\"ryNqvb\">Na\u0161\u00edm cie\u013eom je, aby ste boli 100% spokojn\u00ed!<\/span><\/span> <span class=\"jCAhz ChMk0b\"><span class=\"ryNqvb\">Pre\u010d\u00edtajte si na\u0161e podrobn\u00e9 inform\u00e1cie o z\u00e1ruke vr\u00e1tenia pe\u0148az\u00ed ni\u017e\u0161ie, ktor\u00e1 zah\u0155\u0148a \u010fal\u0161ie podmienky.<\/span><\/span><\/p>\t\t\t\t\t\t\t\t<\/div>\n\t\t\t\t<\/div>\n\t\t\t\t<div class=\"elementor-element elementor-element-0ef61ee elementor-widget elementor-widget-heading\" data-id=\"0ef61ee\" data-element_type=\"widget\" data-e-type=\"widget\" data-widget_type=\"heading.default\">\n\t\t\t\t<div class=\"elementor-widget-container\">\n\t\t\t\t\t<h4 class=\"elementor-heading-title elementor-size-default\">Podrobn\u00e9 inform\u00e1cie o 30-d\u0148ovej z\u00e1ruke vr\u00e1tenia pe\u0148az\u00ed<\/h4>\t\t\t\t<\/div>\n\t\t\t\t<\/div>\n\t\t\t\t<div class=\"elementor-element elementor-element-a9fd696 elementor-widget elementor-widget-text-editor\" data-id=\"a9fd696\" data-element_type=\"widget\" data-e-type=\"widget\" data-widget_type=\"text-editor.default\">\n\t\t\t\t<div class=\"elementor-widget-container\">\n\t\t\t\t\t\t\t\t\t<p><span class=\"jCAhz ChMk0b\"><span class=\"ryNqvb\">A term\u00e9k megv\u00e1s\u00e1rl\u00e1s\u00e1t\u00f3l sz\u00e1m\u00edtott 30 napon bel\u00fcl garanci\u00e1lis visszaigazol\u00e1st k\u00e9rhet.<\/span><\/span> <span class=\"jCAhz ChMk0b\"><span class=\"ryNqvb\">Sz\u00e1nd\u00e9k\u00e1t jelezze az al\u00e1bbi \u00fcgyf\u00e9lszolg\u00e1lati e-mail c\u00edmre k\u00fcld\u00f6tt \u00fczenetben. riasyobchod@gmail.com<\/span><\/span><\/p>\t\t\t\t\t\t\t\t<\/div>\n\t\t\t\t<\/div>\n\t\t\t\t<div class=\"elementor-element elementor-element-ad6cc9a elementor-widget elementor-widget-text-editor\" data-id=\"ad6cc9a\" data-element_type=\"widget\" data-e-type=\"widget\" data-widget_type=\"text-editor.default\">\n\t\t\t\t<div class=\"elementor-widget-container\">\n\t\t\t\t\t\t\t\t\t<p><span class=\"jCAhz ChMk0b\"><span class=\"ryNqvb\"><strong>Rozbitie, vandalizmus a in\u00e9 po\u0161kodenia:<\/strong> z\u00e1ruka vr\u00e1tenia pe\u0148az\u00ed sa nevz\u0165ahuje na v\u00fdrobky s po\u0161koden\u00fdm obalom alebo v\u00fdrobky s rozbit\u00fdm alebo prasknut\u00fdm sklom.<\/span><\/span> <span class=\"jCAhz ChMk0b\"><span class=\"ryNqvb\">Z\u00e1ruka sa nevz\u0165ahuje na po\u0161kodenie obalu priamo obsahuj\u00faceho spotrebovan\u00fd v\u00fdrobok, alebo tela nes\u00faceho spotrebovan\u00fd v\u00fdrobok (sklo, \u0161katu\u013eka, f\u013ea\u0161a, liekovka a pod.).<\/span><\/span> <span class=\"jCAhz ChMk0b\"><span class=\"ryNqvb\">Po\u0161kodenie zah\u0155\u0148a napr\u00edklad trhliny, zlomy, praskliny alebo ak\u00e9ko\u013evek vonkaj\u0161ie po\u0161kodenie, ktor\u00e9 neumo\u017e\u0148uje \u010fal\u0161\u00ed predaj produktu.<\/span><\/span><\/p>\t\t\t\t\t\t\t\t<\/div>\n\t\t\t\t<\/div>\n\t\t\t\t<div class=\"elementor-element elementor-element-bc5738f elementor-widget elementor-widget-text-editor\" data-id=\"bc5738f\" data-element_type=\"widget\" data-e-type=\"widget\" data-widget_type=\"text-editor.default\">\n\t\t\t\t<div class=\"elementor-widget-container\">\n\t\t\t\t\t\t\t\t\t<p><span class=\"jCAhz ChMk0b\"><span class=\"ryNqvb\"><strong>Ak zost\u00e1va aspo\u0148 20%:<\/strong> m\u00f4\u017eete uplatni\u0165 z\u00e1ruku, ak zostane aspo\u0148 20% produktu.<\/span><\/span> <span class=\"jCAhz ChMk0b\"><span class=\"ryNqvb\">Pri \u00faplnom spotrebovan\u00ed produktu nie je mo\u017en\u00e9 uplatni\u0165 z\u00e1ruku vr\u00e1tenia pe\u0148az\u00ed.<\/span><\/span><\/p><p><span class=\"jCAhz ChMk0b\"><span class=\"ryNqvb\"><strong>Zak\u00fapen\u00e9 nieko\u013eko rovnak\u00fdch produktov:<\/strong> pri k\u00fape viacer\u00fdch rovnak\u00fdch produktov v\u00e1m do 30 dn\u00ed m\u00f4\u017eeme vr\u00e1ti\u0165 len cenu 1 otvoren\u00e9ho produktu.<\/span><\/span> <span class=\"jCAhz ChMk0b\"><span class=\"ryNqvb\">Ak si nie ste ist\u00fd, \u010di v\u00e1m dan\u00fd produkt vyhovuje, otvorte si pros\u00edm len jeden z nich.<\/span><\/span><\/p><p><span class=\"jCAhz ChMk0b\"><span class=\"ryNqvb\"><strong>Po\u0161tovn\u00e9:<\/strong> ak ste pri n\u00e1kupe nezaplatili prepravn\u00e9, prepravn\u00e9 samostatne nevraciame.<\/span><\/span> <span class=\"jCAhz ChMk0b\"><span class=\"ryNqvb\">Po\u0161tovn\u00e9 v\u00e1m bude vo v\u0161etk\u00fdch pr\u00edpadoch preplaten\u00e9.<\/span><\/span> <span class=\"jCAhz ChMk0b\"><span class=\"ryNqvb\">Vr\u00e1\u0165te bal\u00edk Magyar Posta ako be\u017en\u00fa po\u0161tu na nasleduj\u00facu adresu:<\/span><\/span> <span class=\"jCAhz ChMk0b\"><span class=\"ryNqvb\">Csuka Gy\u00f6rgy e.v.<\/span><\/span> <span class=\"jCAhz ChMk0b\"><span class=\"ryNqvb\">2083 Solym\u00e1r Pacsirta utca 4.<\/span><\/span><\/p><p><span class=\"jCAhz ChMk0b\"><span class=\"ryNqvb\"><strong>Spotrebovan\u00e9 mno\u017estvo:<\/strong> ak v\u00fdrobok obsahoval d\u00e1vku dlh\u0161ie ako 30 dn\u00ed, ale vo vr\u00e1tenom balen\u00ed bolo spotrebovan\u00e9 mno\u017estvo dlh\u0161ie ako 30 dn\u00ed, z\u00e1ruku vr\u00e1tenia pe\u0148az\u00ed nie je mo\u017en\u00e9 uplatni\u0165.<\/span><\/span><\/p><p><span class=\"jCAhz ChMk0b\"><span class=\"ryNqvb\"><strong>Nevr\u00e1ten\u00e9 v p\u00f4vodnom obale:<\/strong> z\u00e1ruka sa ned\u00e1 uplatni\u0165, ak je v\u00fdrobok ur\u010den\u00fd na spotrebovanie\/pou\u017eitie \u2013 g\u00e9l, kapsula, tableta, tekutina, pr\u00e1\u0161ok a pod.<\/span><\/span> <span class=\"jCAhz ChMk0b\"><span class=\"ryNqvb\">&#8211; nevracia sa v p\u00f4vodnom obale.<\/span><\/span> <span class=\"jCAhz ChMk0b\"><span class=\"ryNqvb\">Z\u00e1ruku nie je mo\u017en\u00e9 uplatni\u0165, ak je obal alebo samotn\u00fd v\u00fdrobok po\u0161koden\u00fd alebo po\u0161koden\u00fd pri vr\u00e1ten\u00ed (dod\u00e1vke).<\/span><\/span> <span class=\"jCAhz ChMk0b\"><span class=\"ryNqvb\">Vracaj\u00faca strana je zodpovedn\u00e1 za po\u0161kodenie pri preprave po\u010das vr\u00e1tenia.<\/span><\/span><\/p><p><span class=\"jCAhz ChMk0b\"><span class=\"ryNqvb\"><strong>Nespr\u00e1vne pou\u017eitie:<\/strong> z\u00e1ruku vr\u00e1tenia pe\u0148az\u00ed nemo\u017eno uplatni\u0165 v pr\u00edpadoch, ke\u010f v\u00fdrobok nebol pou\u017e\u00edvan\u00fd pod\u013ea pokynov v\u00fdrobcu.<\/span><\/span> <span class=\"jCAhz ChMk0b\"><span class=\"ryNqvb\">Pre potvrdenie z\u00e1ruky &#8211; e\u0161te pred vr\u00e1ten\u00edm produktu &#8211; nap\u00ed\u0161te pros\u00edm n\u00e1\u0161mu z\u00e1kazn\u00edckemu servisu na ni\u017e\u0161ie uveden\u00fa e-mailov\u00fa adresu presn\u00fd sp\u00f4sob a postup spotreby.<\/span><\/span><\/p><p><span class=\"jCAhz ChMk0b\"><span class=\"ryNqvb\"><strong>V\u00e1\u017enej\u0161ie probl\u00e9my:<\/strong> z\u00e1ruka vr\u00e1tenia pe\u0148az\u00ed sa nevz\u0165ahuje na lie\u010dbu z\u00e1va\u017en\u00fdch ochoren\u00ed.<\/span><\/span> <span class=\"jCAhz ChMk0b\"><span class=\"ryNqvb\">Na\u0161e produkty nie s\u00fa lieky, tak\u017ee v pr\u00edpade z\u00e1va\u017en\u00fdch ochoren\u00ed ako s\u00fa n\u00e1dory, AIDS, Alzheimerova choroba, Parkinsonova choroba at\u010f.<\/span><\/span> <span class=\"jCAhz ChMk0b\"><span class=\"ryNqvb\">30-d\u0148ov\u00fa z\u00e1ruku nemo\u017eno vym\u00e1ha\u0165.<\/span><\/span> <span class=\"jCAhz ChMk0b\"><span class=\"ryNqvb\">V tak\u00fdchto pr\u00edpadoch plat\u00ed z\u00e1konn\u00e9 14-d\u0148ov\u00e9 pr\u00e1vo na odst\u00fapenie od zmluvy.<\/span><\/span> <span class=\"jCAhz ChMk0b\"><span class=\"ryNqvb\">V tak\u00fdchto pr\u00edpadoch pros\u00edm o vr\u00e1tenie pe\u0148az\u00ed po uplynut\u00ed 14 dn\u00ed.<\/span><\/span> <span class=\"jCAhz ChMk0b\"><span class=\"ryNqvb\">\u010eakujem.<\/span><\/span><\/p><p><span class=\"jCAhz ChMk0b\"><span class=\"ryNqvb\"><strong>Len na produkty zak\u00fapen\u00e9 u n\u00e1s:<\/strong> garanciu vr\u00e1tenia pe\u0148az\u00ed je mo\u017en\u00e9 uplatni\u0165 len na produkty zak\u00fapen\u00e9 priamo u n\u00e1s, teda napr\u00edklad nie na produkty zak\u00fapen\u00e9 u na\u0161ich predajcov.<\/span><\/span> <span class=\"jCAhz ChMk0b\"><span class=\"ryNqvb\">Pom\u00f4\u017ete n\u00e1m v pr\u00e1ci: pom\u00f4\u017ete n\u00e1m v na\u0161ej pr\u00e1ci a stru\u010dne n\u00e1s informujte o d\u00f4vode vr\u00e1tenia pe\u0148az\u00ed na e-mailovej adrese riasyobchod@gmail.com<\/span><\/span><\/p>\t\t\t\t\t\t\t\t<\/div>\n\t\t\t\t<\/div>\n\t\t\t\t<div class=\"elementor-element elementor-element-f4bb36f elementor-widget elementor-widget-spacer\" data-id=\"f4bb36f\" data-element_type=\"widget\" data-e-type=\"widget\" data-widget_type=\"spacer.default\">\n\t\t\t\t<div class=\"elementor-widget-container\">\n\t\t\t\t\t\t\t<div class=\"elementor-spacer\">\n\t\t\t<div class=\"elementor-spacer-inner\"><\/div>\n\t\t<\/div>\n\t\t\t\t\t\t<\/div>\n\t\t\t\t<\/div>\n\t\t\t\t\t<\/div>\n\t\t<\/div>\n\t\t\t\t\t<\/div>\n\t\t<\/section>\n\t\t\t\t<\/div>","protected":false},"excerpt":{"rendered":"<p>Z\u00e1ru\u010dn\u00e9 podmienky (doplnok stravy) 30-d\u0148ov\u00e1 100% z\u00e1ruka vr\u00e1tenia pe\u0148az\u00ed Na na\u0161e produkty poskytujeme 100% z\u00e1ruku vr\u00e1tenia pe\u0148az\u00ed do 30 dn\u00ed od n\u00e1kupu. Z\u00e1ruka plat\u00ed aj vtedy, ak ste u\u017e zak\u00fapen\u00fd v\u00fdrobok za\u010dali spotrebov\u00e1va\u0165. Z\u00e1ruka vr\u00e1tenia pe\u0148az\u00ed sa vz\u0165ahuje na: o\u00a0 K\u00fapnu cenu zaplaten\u00fdch produktov o\u00a0 za poplatok za doru\u010denie (ak je zaplaten\u00fd) o\u00a0 za va\u0161e [&hellip;]<\/p>","protected":false},"author":5,"featured_media":0,"parent":0,"menu_order":0,"comment_status":"closed","ping_status":"closed","template":"","meta":{"site-sidebar-layout":"no-sidebar","site-content-layout":"page-builder","ast-site-content-layout":"default","site-content-style":"default","site-sidebar-style":"default","ast-global-header-display":"","ast-banner-title-visibility":"","ast-main-header-display":"","ast-hfb-above-header-display":"","ast-hfb-below-header-display":"","ast-hfb-mobile-header-display":"","site-post-title":"disabled","ast-breadcrumbs-content":"","ast-featured-img":"disabled","footer-sml-layout":"","ast-disable-related-posts":"","theme-transparent-header-meta":"","adv-header-id-meta":"","stick-header-meta":"","header-above-stick-meta":"","header-main-stick-meta":"","header-below-stick-meta":"","astra-migrate-meta-layouts":"default","ast-page-background-enabled":"default","ast-page-background-meta":{"desktop":{"background-color":"","background-image":"","background-repeat":"repeat","background-position":"center center","background-size":"auto","background-attachment":"scroll","background-type":"","background-media":"","overlay-type":"","overlay-color":"","overlay-opacity":"","overlay-gradient":""},"tablet":{"background-color":"","background-image":"","background-repeat":"repeat","background-position":"center center","background-size":"auto","background-attachment":"scroll","background-type":"","background-media":"","overlay-type":"","overlay-color":"","overlay-opacity":"","overlay-gradient":""},"mobile":{"background-color":"","background-image":"","background-repeat":"repeat","background-position":"center center","background-size":"auto","background-attachment":"scroll","background-type":"","background-media":"","overlay-type":"","overlay-color":"","overlay-opacity":"","overlay-gradient":""}},"ast-content-background-meta":{"desktop":{"background-color":"var(--ast-global-color-5)","background-image":"","background-repeat":"repeat","background-position":"center center","background-size":"auto","background-attachment":"scroll","background-type":"","background-media":"","overlay-type":"","overlay-color":"","overlay-opacity":"","overlay-gradient":""},"tablet":{"background-color":"var(--ast-global-color-5)","background-image":"","background-repeat":"repeat","background-position":"center center","background-size":"auto","background-attachment":"scroll","background-type":"","background-media":"","overlay-type":"","overlay-color":"","overlay-opacity":"","overlay-gradient":""},"mobile":{"background-color":"var(--ast-global-color-5)","background-image":"","background-repeat":"repeat","background-position":"center center","background-size":"auto","background-attachment":"scroll","background-type":"","background-media":"","overlay-type":"","overlay-color":"","overlay-opacity":"","overlay-gradient":""}},"footnotes":""},"class_list":["post-2191","page","type-page","status-publish","hentry"],"_links":{"self":[{"href":"https:\/\/riasyobchod.sk\/sk\/wp-json\/wp\/v2\/pages\/2191","targetHints":{"allow":["GET"]}}],"collection":[{"href":"https:\/\/riasyobchod.sk\/sk\/wp-json\/wp\/v2\/pages"}],"about":[{"href":"https:\/\/riasyobchod.sk\/sk\/wp-json\/wp\/v2\/types\/page"}],"author":[{"embeddable":true,"href":"https:\/\/riasyobchod.sk\/sk\/wp-json\/wp\/v2\/users\/5"}],"replies":[{"embeddable":true,"href":"https:\/\/riasyobchod.sk\/sk\/wp-json\/wp\/v2\/comments?post=2191"}],"version-history":[{"count":4,"href":"https:\/\/riasyobchod.sk\/sk\/wp-json\/wp\/v2\/pages\/2191\/revisions"}],"predecessor-version":[{"id":2195,"href":"https:\/\/riasyobchod.sk\/sk\/wp-json\/wp\/v2\/pages\/2191\/revisions\/2195"}],"wp:attachment":[{"href":"https:\/\/riasyobchod.sk\/sk\/wp-json\/wp\/v2\/media?parent=2191"}],"curies":[{"name":"wp","href":"https:\/\/api.w.org\/{rel}","templated":true}]}}