{"id":2138,"date":"2022-12-05T12:12:18","date_gmt":"2022-12-05T12:12:18","guid":{"rendered":"https:\/\/riasyobchod.sk\/?page_id=2138"},"modified":"2022-12-06T07:44:25","modified_gmt":"2022-12-06T07:44:25","slug":"davkovanie-rias-imunex","status":"publish","type":"page","link":"https:\/\/riasyobchod.sk\/sk\/davkovanie-rias-imunex\/","title":{"rendered":"D\u00e1vkovanie rias IMUNEX"},"content":{"rendered":"<div data-elementor-type=\"wp-page\" data-elementor-id=\"2138\" class=\"elementor elementor-2138\" data-elementor-post-type=\"page\">\n\t\t\t\t\t\t<section class=\"elementor-section elementor-top-section elementor-element elementor-element-50c42eaa elementor-section-content-middle elementor-reverse-mobile elementor-section-boxed elementor-section-height-default elementor-section-height-default\" data-id=\"50c42eaa\" data-element_type=\"section\" data-e-type=\"section\">\n\t\t\t\t\t\t<div class=\"elementor-container elementor-column-gap-no\">\n\t\t\t\t\t<div class=\"elementor-column elementor-col-50 elementor-top-column elementor-element elementor-element-5f46942e\" data-id=\"5f46942e\" data-element_type=\"column\" data-e-type=\"column\">\n\t\t\t<div class=\"elementor-widget-wrap elementor-element-populated\">\n\t\t\t\t\t\t<div class=\"elementor-element elementor-element-516e9e8f elementor-widget elementor-widget-heading\" data-id=\"516e9e8f\" data-element_type=\"widget\" data-e-type=\"widget\" data-widget_type=\"heading.default\">\n\t\t\t\t<div class=\"elementor-widget-container\">\n\t\t\t\t\t<h2 class=\"elementor-heading-title elementor-size-default\">Konzum\u00e1cia rias IMUNEX<\/h2>\t\t\t\t<\/div>\n\t\t\t\t<\/div>\n\t\t\t\t<div class=\"elementor-element elementor-element-30b3c4ba elementor-widget elementor-widget-text-editor\" data-id=\"30b3c4ba\" data-element_type=\"widget\" data-e-type=\"widget\" data-widget_type=\"text-editor.default\">\n\t\t\t\t<div class=\"elementor-widget-container\">\n\t\t\t\t\t\t\t\t\t<p>Odpor\u00fa\u010dan\u00e1 denn\u00e1 d\u00e1vka pr\u00edpravku pre dospel\u00fdch, 3 x 2 kapsule, zapi\u0165 dostato\u010dn\u00fdm mno\u017estvom vody, pred jedlom.\u00a0<\/p><p><strong>Pri prvej konzum\u00e1cii rias<\/strong><\/p><p>Ak konzumujete pr\u00edpravok riasy prv\u00fdkr\u00e1t, postupne zvy\u0161ujte odpor\u00fa\u010dan\u00e9 denn\u00e9 mno\u017estvo o +1 kapsulu t\u00fd\u017edenne.<\/p><p>Postupne d\u00e1vku zvy\u0161ujte na 3 x 2 kapsuly<\/p>\t\t\t\t\t\t\t\t<\/div>\n\t\t\t\t<\/div>\n\t\t\t\t<div class=\"elementor-element elementor-element-4f5c1bfe elementor-widget elementor-widget-button\" data-id=\"4f5c1bfe\" data-element_type=\"widget\" data-e-type=\"widget\" data-widget_type=\"button.default\">\n\t\t\t\t<div class=\"elementor-widget-container\">\n\t\t\t\t\t\t\t\t\t<div class=\"elementor-button-wrapper\">\n\t\t\t\t\t<a class=\"elementor-button elementor-button-link elementor-size-sm elementor-animation-grow\" href=\"https:\/\/riasyobchod.sk\/sk\/obchod\/\">\n\t\t\t\t\t\t<span class=\"elementor-button-content-wrapper\">\n\t\t\t\t\t\t\t\t\t<span class=\"elementor-button-text\">Objednajte si tu<\/span>\n\t\t\t\t\t<\/span>\n\t\t\t\t\t<\/a>\n\t\t\t\t<\/div>\n\t\t\t\t\t\t\t\t<\/div>\n\t\t\t\t<\/div>\n\t\t\t\t\t<\/div>\n\t\t<\/div>\n\t\t\t\t<div class=\"elementor-column elementor-col-50 elementor-top-column elementor-element elementor-element-2efc9ed5\" data-id=\"2efc9ed5\" data-element_type=\"column\" data-e-type=\"column\">\n\t\t\t<div class=\"elementor-widget-wrap elementor-element-populated\">\n\t\t\t\t\t\t<div class=\"elementor-element elementor-element-1ebfcdd8 elementor-widget elementor-widget-image\" data-id=\"1ebfcdd8\" data-element_type=\"widget\" data-e-type=\"widget\" data-widget_type=\"image.default\">\n\t\t\t\t<div class=\"elementor-widget-container\">\n\t\t\t\t\t\t\t\t\t\t\t\t\t\t\t<img fetchpriority=\"high\" decoding=\"async\" width=\"590\" height=\"400\" src=\"https:\/\/riasyobchod.sk\/wp-content\/uploads\/2022\/12\/konzumacia-rias-imunex_optimized.jpg\" class=\"attachment-full size-full wp-image-2140\" alt=\"\" srcset=\"https:\/\/riasyobchod.sk\/wp-content\/uploads\/2022\/12\/konzumacia-rias-imunex_optimized.jpg 590w, https:\/\/riasyobchod.sk\/wp-content\/uploads\/2022\/12\/konzumacia-rias-imunex_optimized-300x203.jpg 300w\" sizes=\"(max-width: 590px) 100vw, 590px\" \/>\t\t\t\t\t\t\t\t\t\t\t\t\t\t\t<\/div>\n\t\t\t\t<\/div>\n\t\t\t\t\t<\/div>\n\t\t<\/div>\n\t\t\t\t\t<\/div>\n\t\t<\/section>\n\t\t\t\t<section class=\"elementor-section elementor-top-section elementor-element elementor-element-cd01aa8 elementor-section-boxed elementor-section-height-default elementor-section-height-default\" data-id=\"cd01aa8\" data-element_type=\"section\" data-e-type=\"section\">\n\t\t\t\t\t\t<div class=\"elementor-container elementor-column-gap-default\">\n\t\t\t\t\t<div class=\"elementor-column elementor-col-100 elementor-top-column elementor-element elementor-element-3e8856e\" data-id=\"3e8856e\" data-element_type=\"column\" data-e-type=\"column\">\n\t\t\t<div class=\"elementor-widget-wrap elementor-element-populated\">\n\t\t\t\t\t\t<div class=\"elementor-element elementor-element-939a70a elementor-widget elementor-widget-heading\" data-id=\"939a70a\" data-element_type=\"widget\" data-e-type=\"widget\" data-widget_type=\"heading.default\">\n\t\t\t\t<div class=\"elementor-widget-container\">\n\t\t\t\t\t<h3 class=\"elementor-heading-title elementor-size-default\">Denn\u00e1 d\u00e1vka:<\/h3>\t\t\t\t<\/div>\n\t\t\t\t<\/div>\n\t\t\t\t\t<\/div>\n\t\t<\/div>\n\t\t\t\t\t<\/div>\n\t\t<\/section>\n\t\t\t\t<section class=\"elementor-section elementor-top-section elementor-element elementor-element-8491686 elementor-section-boxed elementor-section-height-default elementor-section-height-default\" data-id=\"8491686\" data-element_type=\"section\" data-e-type=\"section\">\n\t\t\t\t\t\t<div class=\"elementor-container elementor-column-gap-default\">\n\t\t\t\t\t<div class=\"elementor-column elementor-col-100 elementor-top-column elementor-element elementor-element-e3b3c88\" data-id=\"e3b3c88\" data-element_type=\"column\" data-e-type=\"column\">\n\t\t\t<div class=\"elementor-widget-wrap elementor-element-populated\">\n\t\t\t\t\t\t<div class=\"elementor-element elementor-element-10640e8 elementor-widget elementor-widget-text-editor\" data-id=\"10640e8\" data-element_type=\"widget\" data-e-type=\"widget\" data-widget_type=\"text-editor.default\">\n\t\t\t\t<div class=\"elementor-widget-container\">\n\t\t\t\t\t\t\t\t\t<ul><li>2 x 1\u00a0 \u00a0 \u00a0 \u00a0 \u00a0 1. t\u00fd\u017ede\u0148 \u00a0<\/li><li>3 x 1\u00a0 \u00a0 \u00a0 \u00a0 \u00a0 2. t\u00fd\u017ede\u0148<\/li><li>2 x 2\u00a0 \u00a0 \u00a0 \u00a0 \u00a0 3. t\u00fd\u017ede\u0148 \u00a0 \u00a0<\/li><li>2 x 2 + 1\u00a0 \u00a04. t\u00fd\u017ede\u0148<\/li><li>3 x 2\u00a0 \u00a0 \u00a0 \u00a0 \u00a05. t\u00fd\u017ede\u0148<\/li><li>3 x 2\u00a0 \u00a0 \u00a0 \u00a0 \u00a0odpor\u00fa\u010dan\u00e9 mno\u017estvo<\/li><\/ul>\t\t\t\t\t\t\t\t<\/div>\n\t\t\t\t<\/div>\n\t\t\t\t<div class=\"elementor-element elementor-element-4abe24d elementor-widget elementor-widget-heading\" data-id=\"4abe24d\" data-element_type=\"widget\" data-e-type=\"widget\" data-widget_type=\"heading.default\">\n\t\t\t\t<div class=\"elementor-widget-container\">\n\t\t\t\t\t<h3 class=\"elementor-heading-title elementor-size-default\">D\u00e1vkovanie pre deti:<\/h3>\t\t\t\t<\/div>\n\t\t\t\t<\/div>\n\t\t\t\t<div class=\"elementor-element elementor-element-bb5bc28 elementor-widget elementor-widget-text-editor\" data-id=\"bb5bc28\" data-element_type=\"widget\" data-e-type=\"widget\" data-widget_type=\"text-editor.default\">\n\t\t\t\t<div class=\"elementor-widget-container\">\n\t\t\t\t\t\t\t\t\t<p><strong>Denn\u00e1 porcia:<\/strong><\/p><p>Od 1 do 2 rokov: \u00a0 \u00a0 Polovica kapsuly.\u00a0<\/p><p>Od 2 do 3 rokov: \u00a0 \u00a0 1db kapsule<\/p><p>Od 3 do 8 rokov: \u00a0 \u00a01db kapsule<\/p><p>Od 8 do 13 rokov: \u00a02db kapsule<\/p><p>Od 13 do 18 rokov: 3db kapsule<\/p>\t\t\t\t\t\t\t\t<\/div>\n\t\t\t\t<\/div>\n\t\t\t\t<div class=\"elementor-element elementor-element-859e472 elementor-widget elementor-widget-heading\" data-id=\"859e472\" data-element_type=\"widget\" data-e-type=\"widget\" data-widget_type=\"heading.default\">\n\t\t\t\t<div class=\"elementor-widget-container\">\n\t\t\t\t\t<h4 class=\"elementor-heading-title elementor-size-default\">DENN\u00c9 MNO\u017dSTVO VODY:<\/h4>\t\t\t\t<\/div>\n\t\t\t\t<\/div>\n\t\t\t\t<div class=\"elementor-element elementor-element-65d458e elementor-widget elementor-widget-text-editor\" data-id=\"65d458e\" data-element_type=\"widget\" data-e-type=\"widget\" data-widget_type=\"text-editor.default\">\n\t\t\t\t<div class=\"elementor-widget-container\">\n\t\t\t\t\t\t\t\t\t<p>Pre dosiahnutie efektu komplexu rias IMUNEX je nevyhnutn\u00e9 denn\u00e9 mno\u017estvo vody<\/p>\t\t\t\t\t\t\t\t<\/div>\n\t\t\t\t<\/div>\n\t\t\t\t<div class=\"elementor-element elementor-element-e1ba433 elementor-widget elementor-widget-text-editor\" data-id=\"e1ba433\" data-element_type=\"widget\" data-e-type=\"widget\" data-widget_type=\"text-editor.default\">\n\t\t\t\t<div class=\"elementor-widget-container\">\n\t\t\t\t\t\t\t\t\t<p><strong>Tvoja v\u00e1ha \u00a0 Denn\u00e1 voda<\/strong><\/p><p>\u00a09kg\u00a0 \u00a0 \u00a0 \u00a0 \u00a0 \u00a0 0,25 litra<\/p><p>\u00a018kg\u00a0 \u00a0 \u00a0 \u00a0 \u00a0 0.5 litra<\/p><p>\u00a027kg\u00a0 \u00a0 \u00a0 \u00a0 \u00a0 0,75 litra<\/p><p>\u00a036kg\u00a0 \u00a0 \u00a0 \u00a0 \u00a0 1 litra<\/p><p>\u00a045kg\u00a0 \u00a0 \u00a0 \u00a0 \u00a0 1,25 litra<\/p><p>\u00a054kg\u00a0 \u00a0 \u00a0 \u00a0 \u00a0 1,5 litra<\/p><p>\u00a063kg\u00a0 \u00a0 \u00a0 \u00a0 \u00a0 1,75 litra<\/p><p>\u00a072kg\u00a0 \u00a0 \u00a0 \u00a0 \u00a0 2 litra<\/p><p>\u00a081kg\u00a0 \u00a0 \u00a0 \u00a0 \u00a0 2,25 litra<\/p><p>\u00a090kg\u00a0 \u00a0 \u00a0 \u00a0 \u00a0 2,50 litra<\/p><p>\u00a099kg\u00a0 \u00a0 \u00a0 \u00a0 \u00a0 2,75 litra<\/p><p>\u00a0108kg\u00a0 \u00a0 \u00a0 3 litra<\/p><p>\u00a0117kg\u00a0 \u00a0 \u00a0 3,25 litra<\/p>\t\t\t\t\t\t\t\t<\/div>\n\t\t\t\t<\/div>\n\t\t\t\t<div class=\"elementor-element elementor-element-7b3f011 elementor-widget elementor-widget-text-editor\" data-id=\"7b3f011\" data-element_type=\"widget\" data-e-type=\"widget\" data-widget_type=\"text-editor.default\">\n\t\t\t\t<div class=\"elementor-widget-container\">\n\t\t\t\t\t\t\t\t\t<p>Konzum\u00e1cia doplnku stravy IMUNEX nenahr\u00e1dza vyv\u00e1\u017een\u00fa, pestr\u00fa, zmie\u0161an\u00fa stravu<\/p>\t\t\t\t\t\t\t\t<\/div>\n\t\t\t\t<\/div>\n\t\t\t\t<div class=\"elementor-element elementor-element-38c6cec elementor-widget elementor-widget-spacer\" data-id=\"38c6cec\" data-element_type=\"widget\" data-e-type=\"widget\" data-widget_type=\"spacer.default\">\n\t\t\t\t<div class=\"elementor-widget-container\">\n\t\t\t\t\t\t\t<div class=\"elementor-spacer\">\n\t\t\t<div class=\"elementor-spacer-inner\"><\/div>\n\t\t<\/div>\n\t\t\t\t\t\t<\/div>\n\t\t\t\t<\/div>\n\t\t\t\t\t<\/div>\n\t\t<\/div>\n\t\t\t\t\t<\/div>\n\t\t<\/section>\n\t\t\t\t<\/div>","protected":false},"excerpt":{"rendered":"<p>Konzum\u00e1cia rias IMUNEX Odpor\u00fa\u010dan\u00e1 denn\u00e1 d\u00e1vka pr\u00edpravku pre dospel\u00fdch, 3 x 2 kapsule, zapi\u0165 dostato\u010dn\u00fdm mno\u017estvom vody, pred jedlom.\u00a0 Pri prvej konzum\u00e1cii rias Ak konzumujete pr\u00edpravok riasy prv\u00fdkr\u00e1t, postupne zvy\u0161ujte odpor\u00fa\u010dan\u00e9 denn\u00e9 mno\u017estvo o +1 kapsulu t\u00fd\u017edenne. Postupne d\u00e1vku zvy\u0161ujte na 3 x 2 kapsuly Objednajte si tu Denn\u00e1 d\u00e1vka: 2 x 1\u00a0 \u00a0 \u00a0 [&hellip;]<\/p>","protected":false},"author":5,"featured_media":0,"parent":0,"menu_order":0,"comment_status":"closed","ping_status":"closed","template":"","meta":{"site-sidebar-layout":"no-sidebar","site-content-layout":"page-builder","ast-site-content-layout":"default","site-content-style":"default","site-sidebar-style":"default","ast-global-header-display":"","ast-banner-title-visibility":"","ast-main-header-display":"","ast-hfb-above-header-display":"","ast-hfb-below-header-display":"","ast-hfb-mobile-header-display":"","site-post-title":"disabled","ast-breadcrumbs-content":"","ast-featured-img":"disabled","footer-sml-layout":"","ast-disable-related-posts":"","theme-transparent-header-meta":"","adv-header-id-meta":"","stick-header-meta":"","header-above-stick-meta":"","header-main-stick-meta":"","header-below-stick-meta":"","astra-migrate-meta-layouts":"default","ast-page-background-enabled":"default","ast-page-background-meta":{"desktop":{"background-color":"","background-image":"","background-repeat":"repeat","background-position":"center center","background-size":"auto","background-attachment":"scroll","background-type":"","background-media":"","overlay-type":"","overlay-color":"","overlay-opacity":"","overlay-gradient":""},"tablet":{"background-color":"","background-image":"","background-repeat":"repeat","background-position":"center center","background-size":"auto","background-attachment":"scroll","background-type":"","background-media":"","overlay-type":"","overlay-color":"","overlay-opacity":"","overlay-gradient":""},"mobile":{"background-color":"","background-image":"","background-repeat":"repeat","background-position":"center center","background-size":"auto","background-attachment":"scroll","background-type":"","background-media":"","overlay-type":"","overlay-color":"","overlay-opacity":"","overlay-gradient":""}},"ast-content-background-meta":{"desktop":{"background-color":"var(--ast-global-color-5)","background-image":"","background-repeat":"repeat","background-position":"center center","background-size":"auto","background-attachment":"scroll","background-type":"","background-media":"","overlay-type":"","overlay-color":"","overlay-opacity":"","overlay-gradient":""},"tablet":{"background-color":"var(--ast-global-color-5)","background-image":"","background-repeat":"repeat","background-position":"center center","background-size":"auto","background-attachment":"scroll","background-type":"","background-media":"","overlay-type":"","overlay-color":"","overlay-opacity":"","overlay-gradient":""},"mobile":{"background-color":"var(--ast-global-color-5)","background-image":"","background-repeat":"repeat","background-position":"center center","background-size":"auto","background-attachment":"scroll","background-type":"","background-media":"","overlay-type":"","overlay-color":"","overlay-opacity":"","overlay-gradient":""}},"footnotes":""},"class_list":["post-2138","page","type-page","status-publish","hentry"],"_links":{"self":[{"href":"https:\/\/riasyobchod.sk\/sk\/wp-json\/wp\/v2\/pages\/2138","targetHints":{"allow":["GET"]}}],"collection":[{"href":"https:\/\/riasyobchod.sk\/sk\/wp-json\/wp\/v2\/pages"}],"about":[{"href":"https:\/\/riasyobchod.sk\/sk\/wp-json\/wp\/v2\/types\/page"}],"author":[{"embeddable":true,"href":"https:\/\/riasyobchod.sk\/sk\/wp-json\/wp\/v2\/users\/5"}],"replies":[{"embeddable":true,"href":"https:\/\/riasyobchod.sk\/sk\/wp-json\/wp\/v2\/comments?post=2138"}],"version-history":[{"count":6,"href":"https:\/\/riasyobchod.sk\/sk\/wp-json\/wp\/v2\/pages\/2138\/revisions"}],"predecessor-version":[{"id":2218,"href":"https:\/\/riasyobchod.sk\/sk\/wp-json\/wp\/v2\/pages\/2138\/revisions\/2218"}],"wp:attachment":[{"href":"https:\/\/riasyobchod.sk\/sk\/wp-json\/wp\/v2\/media?parent=2138"}],"curies":[{"name":"wp","href":"https:\/\/api.w.org\/{rel}","templated":true}]}}